{"id":70,"date":"2022-10-13T15:56:55","date_gmt":"2022-10-13T13:56:55","guid":{"rendered":"https:\/\/kalex.de\/kalex\/?page_id=70"},"modified":"2022-10-13T15:56:55","modified_gmt":"2022-10-13T13:56:55","slug":"impressum","status":"publish","type":"page","link":"https:\/\/kalex.de\/kalex\/index.php\/impressum\/","title":{"rendered":"Impressum"},"content":{"rendered":"\n<p>www.kalex.de<\/p>\n\n\n\n<p><strong>Anschrift:<\/strong><\/p>\n\n\n\n<p>Fleischerei Otto Kalex<br>Doberluger Stra\u00dfe 28<br>04938 Uebigau<\/p>\n\n\n\n<p><strong>Telefon:<\/strong><\/p>\n\n\n\n<p>035365 8260<\/p>\n\n\n\n<p><strong>E-Mail:<\/strong><\/p>\n\n\n\n<p><a href=\"mailto:info@kalex.de\">info@kalex.de<\/a><\/p>\n\n\n\n<p><strong>Zust\u00e4ndige Kammer<\/strong><\/p>\n\n\n\n<p>Handwerkskammer Cottbus<br>Altmarkt 17<br>03046 Cottbus<br>HWR 614\/701\/0603<\/p>\n\n\n\n<p><strong>Inhaltlich verantwortlich<\/strong><\/p>\n\n\n\n<p>Mario Kalex&nbsp;(Anschrift wie oben)<\/p>\n\n\n\n<p><strong>Layout\/Programmierung<\/strong><\/p>\n\n\n\n<p><a href=\"http:\/\/www.design-mix.de\/\" target=\"_blank\" rel=\"noreferrer noopener\">www.design-mix.de<\/a><\/p>\n\n\n\n<p><strong>Haftungshinweis<\/strong><\/p>\n\n\n\n<p>Mit Urteil vom 12. Mai 1998 hat das Landgericht Hamburg entschieden, dass man durch die Ausbringung eines Links die Inhalte der gelinkten Seite ggf. mit zu verantworten hat. Dies kann &#8211; so das LG &#8211; nur dadurch verhindert werden, dass man sich ausdr\u00fccklich von diesen Inhalten distanziert. Wir haben Links auf dieser Seite zu anderen Seiten im Internet gelegt. F\u00fcr all diese Links gilt: Wir m\u00f6chten ausdr\u00fccklich betonen, dass wir keinerlei Einfluss auf die Gestaltung und die Inhalte der gelinkten Seiten haben. Deshalb distanzieren wir uns hiermit ausdr\u00fccklich von allen Inhalten aller gelinkten Seiten auf dieser Homepage und machen uns ihre Inhalte nicht zu eigen. Diese Erkl\u00e4rung gilt f\u00fcr alle auf dieser Homepage ausgebrachten Links.<\/p>\n\n\n\n<p><strong>Verbraucherinformation<\/strong><\/p>\n\n\n\n<p>Gem\u00e4\u00df Verordnung (EU) Nr. 524\/2013:<br>Im Rahmen der Verordnung \u00fcber Online-Streitbeilegung zu Verbraucherangelegenheiten steht Ihnen unter&nbsp;<a href=\"http:\/\/ec.europa.eu\/consumers\/odr\/\" target=\"_blank\" rel=\"noreferrer noopener\">http:\/\/ec.europa.eu\/consumers\/odr\/<\/a>&nbsp;eine Online-Streitbeilegungsplattform der EU-Kommission zur Verf\u00fcgung.<br>Kontakt per Mail:&nbsp;<a href=\"mailto:info@kalex.de\">info@kalex.de<\/a><\/p>\n","protected":false},"excerpt":{"rendered":"<p>www.kalex.de Anschrift: Fleischerei Otto KalexDoberluger Stra\u00dfe 2804938 Uebigau Telefon: 035365 8260 E-Mail: info@kalex.de Zust\u00e4ndige Kammer Handwerkskammer CottbusAltmarkt 1703046 CottbusHWR 614\/701\/0603 Inhaltlich verantwortlich Mario Kalex&nbsp;(Anschrift wie oben) Layout\/Programmierung www.design-mix.de Haftungshinweis Mit Urteil vom 12. Mai 1998 hat das Landgericht Hamburg entschieden, dass man durch die Ausbringung eines Links die Inhalte der gelinkten Seite ggf. mit zu [&hellip;]<\/p>\n","protected":false},"author":1,"featured_media":0,"parent":0,"menu_order":0,"comment_status":"closed","ping_status":"closed","template":"","meta":[],"_links":{"self":[{"href":"https:\/\/kalex.de\/kalex\/index.php\/wp-json\/wp\/v2\/pages\/70"}],"collection":[{"href":"https:\/\/kalex.de\/kalex\/index.php\/wp-json\/wp\/v2\/pages"}],"about":[{"href":"https:\/\/kalex.de\/kalex\/index.php\/wp-json\/wp\/v2\/types\/page"}],"author":[{"embeddable":true,"href":"https:\/\/kalex.de\/kalex\/index.php\/wp-json\/wp\/v2\/users\/1"}],"replies":[{"embeddable":true,"href":"https:\/\/kalex.de\/kalex\/index.php\/wp-json\/wp\/v2\/comments?post=70"}],"version-history":[{"count":1,"href":"https:\/\/kalex.de\/kalex\/index.php\/wp-json\/wp\/v2\/pages\/70\/revisions"}],"predecessor-version":[{"id":71,"href":"https:\/\/kalex.de\/kalex\/index.php\/wp-json\/wp\/v2\/pages\/70\/revisions\/71"}],"wp:attachment":[{"href":"https:\/\/kalex.de\/kalex\/index.php\/wp-json\/wp\/v2\/media?parent=70"}],"curies":[{"name":"wp","href":"https:\/\/api.w.org\/{rel}","templated":true}]}}