{"id":63,"date":"2022-10-13T15:41:43","date_gmt":"2022-10-13T13:41:43","guid":{"rendered":"https:\/\/kalex.de\/kalex\/?page_id=63"},"modified":"2023-08-01T10:09:26","modified_gmt":"2023-08-01T08:09:26","slug":"63-2","status":"publish","type":"page","link":"https:\/\/kalex.de\/kalex\/","title":{"rendered":"Ihre Fleischerei in Uebigau\u00a0&#8211; 80 Jahre Erfahrung f\u00fcr Sie"},"content":{"rendered":"\n<p>Unsere Fleisch- und Wurstwaren werden zu fast 100 % im Unternehmen selbst produziert.<\/p>\n\n\n\n<p>Eigens hergestellte Salate vervollst\u00e4ndigen die Vielfalt Angebote.<\/p>\n\n\n\n<p>Es werden nat\u00fcrlich auch verkaufsfertige Produkte angeboten.<br>Dazu geh\u00f6ren Suppen, So\u00dfen, K\u00e4se und verschiedene Salate.<\/p>\n\n\n\n<p>Gern bieten wir Ihnen auch unsere kalten Platten an.<\/p>\n\n\n\n<p>In den Filialen Schlieben, Bad Liebenwerda und Herzberg finden Sie t\u00e4glich wechselnde Imbissangebote.<\/p>\n\n\n\n<p>Das Fleisch wird von 4 verschiedenen Schlachth\u00f6fen geliefert. Diese haben ihren Sitz in den Bundesl\u00e4ndern Sachsen und Brandenburg und unterliegen der Norm DIN EN 150 9002.<\/p>\n\n\n\n<p>Unsere Fleisch- und Wursterzeugnisse werden viertelj\u00e4hrlich einer freiwilligen Qualit\u00e4tskontrolle durch Herrn Prof. Dr. Lusky vom Institut f\u00fcr Veterin\u00e4r- Pharmakologie GmbH- Bernau unterzogen.<\/p>\n\n\n\n<p>Seit &nbsp;01.09.2007&nbsp;&nbsp;sind wir ein anerkannter EG-Betrieb (DE BB 62002 EG).<\/p>\n\n\n\n<p>Unsere Filialen werden t\u00e4glich mit frischen Produkten beliefert.<\/p>\n","protected":false},"excerpt":{"rendered":"<p>Unsere Fleisch- und Wurstwaren werden zu fast 100 % im Unternehmen selbst produziert. Eigens hergestellte Salate vervollst\u00e4ndigen die Vielfalt Angebote. Es werden nat\u00fcrlich auch verkaufsfertige Produkte angeboten.Dazu geh\u00f6ren Suppen, So\u00dfen, K\u00e4se und verschiedene Salate. Gern bieten wir Ihnen auch unsere kalten Platten an. In den Filialen Schlieben, Bad Liebenwerda und Herzberg finden Sie t\u00e4glich wechselnde [&hellip;]<\/p>\n","protected":false},"author":1,"featured_media":0,"parent":0,"menu_order":0,"comment_status":"closed","ping_status":"closed","template":"","meta":[],"_links":{"self":[{"href":"https:\/\/kalex.de\/kalex\/index.php\/wp-json\/wp\/v2\/pages\/63"}],"collection":[{"href":"https:\/\/kalex.de\/kalex\/index.php\/wp-json\/wp\/v2\/pages"}],"about":[{"href":"https:\/\/kalex.de\/kalex\/index.php\/wp-json\/wp\/v2\/types\/page"}],"author":[{"embeddable":true,"href":"https:\/\/kalex.de\/kalex\/index.php\/wp-json\/wp\/v2\/users\/1"}],"replies":[{"embeddable":true,"href":"https:\/\/kalex.de\/kalex\/index.php\/wp-json\/wp\/v2\/comments?post=63"}],"version-history":[{"count":5,"href":"https:\/\/kalex.de\/kalex\/index.php\/wp-json\/wp\/v2\/pages\/63\/revisions"}],"predecessor-version":[{"id":489,"href":"https:\/\/kalex.de\/kalex\/index.php\/wp-json\/wp\/v2\/pages\/63\/revisions\/489"}],"wp:attachment":[{"href":"https:\/\/kalex.de\/kalex\/index.php\/wp-json\/wp\/v2\/media?parent=63"}],"curies":[{"name":"wp","href":"https:\/\/api.w.org\/{rel}","templated":true}]}}