{"id":19,"date":"2022-10-13T14:57:26","date_gmt":"2022-10-13T12:57:26","guid":{"rendered":"https:\/\/kalex.de\/kalex\/?page_id=19"},"modified":"2022-10-13T14:57:26","modified_gmt":"2022-10-13T12:57:26","slug":"gruendung-und-kurze-unternehmensgeschichte","status":"publish","type":"page","link":"https:\/\/kalex.de\/kalex\/index.php\/gruendung-und-kurze-unternehmensgeschichte\/","title":{"rendered":"Gr\u00fcndung und kurze Unternehmensgeschichte"},"content":{"rendered":"\n<ul><li><strong>Mai 1928<\/strong><br>Fleischermeister Otto Kalex (1. Generation) er\u00f6ffnete einen Fleischereibetrieb, nachdem er zuvor einige Jahre lang nur Viehhandel betrieb. Sein Sohn Otto Kalex (2. Generation) soll nach Abschluss der Meisterpr\u00fcfung den Betrieb \u00fcbernehmen.<\/li><\/ul>\n\n\n\n<ul><li><strong>1943<\/strong><br>Otto Kalex (2. Generation) wird in den Krieg eingezogen und daraufhin wird das Gesch\u00e4ft vor\u00fcbergehend geschlossen.<br>&nbsp;<\/li><li><strong>1949<\/strong><br>Nach der R\u00fcckkehr aus der Kriegsgefangenschaft wurde das Gesch\u00e4ft nun von Otto Kalex (2.&nbsp;Generation) \u00fcbernommen und wieder neu er\u00f6ffnet.<\/li><\/ul>\n\n\n\n<ul><li><strong>1966<\/strong><br>Nach dem Tode seines Vaters \u00fcbernahm Otto Kalex (3. Generation) das Gesch\u00e4ft und schloss kurz darauf seine Meisterpr\u00fcfung ab. Er f\u00fchrt den Betrieb bis heute.<br>&nbsp;<\/li><li><strong>1990<\/strong><br>Nach der Wiedervereinigung Deutschlands haben wir in diesem Jahr unsere Produktion modernisiert und erweitert.<br>&nbsp;<\/li><li><strong>1992<\/strong><br>Mit Grit Kalex, der Tochter von Otto Kalex (3. Generation) ist nun nach erfolgreichem Abschluss der Meisterpr\u00fcfung eine weitere Generation bereit, den Betrieb weiterzuf\u00fchren.<br>&nbsp;<\/li><li><strong>1995<\/strong><br>Der Uebigauer Laden hatte nun nach fast 70 Jahren eine erste Sanierung n\u00f6tig. Im selben Zug wurde auch das Sozial- und Produktionsgeb\u00e4ude erweitert.<br>&nbsp;<\/li><li><strong>1999<\/strong><br>Das Unternehmen feiert in diesem Jahr sein 50-j\u00e4hriges Betriebsjubil\u00e4um.<br>&nbsp;<\/li><\/ul>\n\n\n\n<p><strong>2008<\/strong><br>Der heutige Meister Otto Kalex (3. Generation) machte vor 40 Jahren seine Meisterpr\u00fcfung und empfing in diesem Jahr Gl\u00fcckw\u00fcnsche zum Meisterjubil\u00e4um&nbsp;&nbsp;&nbsp;&nbsp;&nbsp;&nbsp;&nbsp;&nbsp;&nbsp;&nbsp;&nbsp;&nbsp;&nbsp;&nbsp;&nbsp;&nbsp;&nbsp;&nbsp;&nbsp;&nbsp;&nbsp;&nbsp;&nbsp;&nbsp;&nbsp;&nbsp;&nbsp;&nbsp;&nbsp;&nbsp;&nbsp;&nbsp;&nbsp;&nbsp;&nbsp;&nbsp;&nbsp;&nbsp;&nbsp;&nbsp;&nbsp;&nbsp;&nbsp;&nbsp;&nbsp;&nbsp;&nbsp;&nbsp;&nbsp;&nbsp;&nbsp;&nbsp;&nbsp;&nbsp;&nbsp;&nbsp;&nbsp;&nbsp;&nbsp;&nbsp;&nbsp;&nbsp;&nbsp;&nbsp;&nbsp;&nbsp;&nbsp;&nbsp;&nbsp;&nbsp; &nbsp;<\/p>\n\n\n\n<p>Im Laufe der Zeit wurden auch weitere Filialen er\u00f6ffnet, begonnen mit einer Filiale in Blumberg und einer in Falkenberg im damaligen Sparmarkt, gefolgt von Filialen in Schlieben, Bad Liebenwerda und Herzberg. Au\u00dferdem verf\u00fcgen wir nun auch \u00fcber ein Verkaufsauto, welches die Kundschaft der Umgebung versorgt, die nicht die M\u00f6glichkeit haben, in unseren Gesch\u00e4ften einzukaufen.&nbsp;&nbsp;&nbsp;&nbsp;&nbsp;&nbsp;&nbsp;&nbsp;&nbsp;&nbsp;&nbsp;&nbsp;&nbsp;&nbsp;&nbsp;&nbsp;&nbsp;&nbsp;&nbsp;&nbsp;&nbsp;&nbsp;&nbsp;&nbsp;&nbsp;&nbsp;&nbsp;&nbsp;&nbsp;&nbsp;&nbsp;&nbsp;&nbsp;&nbsp;&nbsp;&nbsp;&nbsp;&nbsp;&nbsp;&nbsp;&nbsp;&nbsp;&nbsp;&nbsp;&nbsp; &nbsp;<\/p>\n\n\n\n<p>Inzwischen sind im Unternehmen 64 Angestellte einschlie\u00dflich Auszubildender besch\u00e4ftigt.<\/p>\n","protected":false},"excerpt":{"rendered":"<p>Mai 1928Fleischermeister Otto Kalex (1. Generation) er\u00f6ffnete einen Fleischereibetrieb, nachdem er zuvor einige Jahre lang nur Viehhandel betrieb. Sein Sohn Otto Kalex (2. Generation) soll nach Abschluss der Meisterpr\u00fcfung den Betrieb \u00fcbernehmen. 1943Otto Kalex (2. Generation) wird in den Krieg eingezogen und daraufhin wird das Gesch\u00e4ft vor\u00fcbergehend geschlossen.&nbsp; 1949Nach der R\u00fcckkehr aus der Kriegsgefangenschaft wurde [&hellip;]<\/p>\n","protected":false},"author":1,"featured_media":0,"parent":0,"menu_order":0,"comment_status":"closed","ping_status":"closed","template":"","meta":[],"_links":{"self":[{"href":"https:\/\/kalex.de\/kalex\/index.php\/wp-json\/wp\/v2\/pages\/19"}],"collection":[{"href":"https:\/\/kalex.de\/kalex\/index.php\/wp-json\/wp\/v2\/pages"}],"about":[{"href":"https:\/\/kalex.de\/kalex\/index.php\/wp-json\/wp\/v2\/types\/page"}],"author":[{"embeddable":true,"href":"https:\/\/kalex.de\/kalex\/index.php\/wp-json\/wp\/v2\/users\/1"}],"replies":[{"embeddable":true,"href":"https:\/\/kalex.de\/kalex\/index.php\/wp-json\/wp\/v2\/comments?post=19"}],"version-history":[{"count":1,"href":"https:\/\/kalex.de\/kalex\/index.php\/wp-json\/wp\/v2\/pages\/19\/revisions"}],"predecessor-version":[{"id":20,"href":"https:\/\/kalex.de\/kalex\/index.php\/wp-json\/wp\/v2\/pages\/19\/revisions\/20"}],"wp:attachment":[{"href":"https:\/\/kalex.de\/kalex\/index.php\/wp-json\/wp\/v2\/media?parent=19"}],"curies":[{"name":"wp","href":"https:\/\/api.w.org\/{rel}","templated":true}]}}